{"id":1771,"date":"2021-05-05T10:46:46","date_gmt":"2021-05-05T10:46:46","guid":{"rendered":"http:\/\/redlinecompanyhosting.com\/deltacarrentals.es?page_id=1771"},"modified":"2026-02-10T15:23:20","modified_gmt":"2026-02-10T15:23:20","slug":"inicio","status":"publish","type":"page","link":"https:\/\/deliacarrentals.es\/es\/","title":{"rendered":"INICIO"},"content":{"rendered":"<p>[vc_row type=\u00bbfull-width\u00bb][vc_column][rev_slider_vc alias=\u00bbslider-1-1&#8243;][\/vc_column][\/vc_row][vc_row type=\u00bbfull-width\u00bb css=\u00bb.vc_custom_1439892689981{background-color: #f5f5f5 !important;}\u00bb][vc_column]<div class=\"announcement clearfix\">\r\n\t\t\t\t\t<div class=\"vc_row wpb_row vc_row-fluid\">\r\n\t\t\t\t\t\t<div class=\"vc_col-sm-8 wpb_column vc_column_container\">\r\n\t\t\t\t\t\t\t<div class=\"vertical-align\">\r\n\t\t\t\t\t\t\t\t<div class=\"vertical-align-cell\">\r\n\t\t\t\t\t\t\t\t\t<p class=\"description\">La principal prioridad de Delia es brindar la mejor relaci\u00f3n calidad-precio adem\u00e1s de un servicio flexible para garantizar las necesidades de nuestros clientes. Pregunta por nuestras \u00faltimas ofertas ...<\/p>\r\n\t\t\t\t\t\t\t\t<\/div>\r\n\t\t\t\t\t\t\t<\/div>\r\n\t\t\t\t\t\t<\/div><div class=\"vc_col-sm-4 wpb_column vc_column_container\">\r\n\t\t\t\t\t\t<div class=\"vertical-align\">\r\n\t\t\t\t\t\t\t<div class=\"vertical-align-cell\">\r\n\t\t\t\t\t\t\t\t<a title=\"LISTO PARA CONDUCIR\" href=\"\/es\/contacto\/\" class=\"more\"><span>LISTO PARA CONDUCIR<\/span><\/a>\r\n\t\t\t\t\t\t\t<\/div>\r\n\t\t\t\t\t\t<\/div>\r\n\t\t\t\t\t<\/div><\/div>\r\n\t\t\t<\/div>[\/vc_column][\/vc_row][vc_row top_margin=\u00bbpage-margin-top-section\u00bb][vc_column]<h2 class=\" box-header\">\u00bfPOR QU\u00c9 ELEGIR DELIA CAR RENTALS?<\/h2>[vc_column_text el_class=\u00bbdescription align-center\u00bb]<\/p>\n<p style=\"text-align: center;\">No importa si quieres hacer un viaje, necesitas de ir a un punto a otro o necesitas neumaticos inteligentes para irte de vacaciones. La flota actualizada de Delia tiene el veh\u00edculo perfecto para ti ya que se adapta a tus necesidades &#8230; \u00a1y est\u00e1 disponible a un precio muy reducido!<\/p>\n<p>[\/vc_column_text][vc_row_inner top_margin=\u00bbpage-margin-top\u00bb el_id=\u00bbhome-servicios\u00bb][vc_column_inner width=\u00bb1\/3&#8243;][vc_single_image image=\u00bb1698&#8243; alignment=\u00bbcenter\u00bb]<div class=\"feature-item feature-item-big\"><h4 class=\"box-header\">ALQUILER DE COCHES A LARGO PLAZO<\/h4><p>Todos los tipos de veh\u00edculos disponibles, desde compactos, todoterreno hasta grandes coches familiares. Disponemos tambi\u00e9n de la opci\u00f3n de alquilar coches a largo plazo para satisfacer todas las necesidades.<\/p><\/div>[\/vc_column_inner][vc_column_inner width=\u00bb1\/3&#8243;][vc_single_image image=\u00bb1697&#8243; alignment=\u00bbcenter\u00bb]<div class=\"feature-item feature-item-big\"><h4 class=\"box-header\">ALQUILER DE COCHES A CORTO PLAZO<\/h4><p>Alquiler de coche a corto plazo con un precio muy bajo en la Costa del Sol, sin pol\u00edtica de combustible y conductor adicional gratis. Ponte en contacto con nosotros para obtener las mejores ofertas.<\/p><\/div>[\/vc_column_inner][vc_column_inner width=\u00bb1\/3&#8243;][vc_single_image image=\u00bb1696&#8243; alignment=\u00bbcenter\u00bb]<div class=\"feature-item feature-item-big\"><h4 class=\"box-header\">ALMACENAMIENTO DE COCHES<\/h4><p>En Delia Car Hire ofrecemos un servicio de almacenamiento de autom\u00f3viles sin complicaciones, seguro garantizado y extremadamente asequible.<\/p><\/div>[\/vc_column_inner][\/vc_row_inner][\/vc_column][\/vc_row][vc_row el_class=\u00bbalign-center margin-top-67 padding-bottom-20&#8243;][vc_column]<a class=\"more\" href=\"\/es\/contacto\/\" title=\"LISTO PARA CONDUCIR\"><span>LISTO PARA CONDUCIR<\/span><\/a>[\/vc_column][\/vc_row][vc_row type=\u00bbfull-width\u00bb top_margin=\u00bbpage-margin-top-section\u00bb el_class=\u00bbflex-box\u00bb css=\u00bb.vc_custom_1441196365110{background-color: #f5f5f5 !important;}\u00bb][vc_column width=\u00bb1\/2&#8243; css=\u00bb.vc_custom_1616071862924{background-image: url(http:\/\/redlinecompanyhosting.com\/deliacarrentals.es\/wp-content\/uploads\/2021\/03\/Long-term-rental-Delta-car-rentals.jpg?id=1634) !important;}\u00bb][vc_single_image image=\u00bb1634&#8243; img_size=\u00bblarge-thumb\u00bb el_class=\u00bbflex-hide\u00bb css=\u00bb.vc_custom_1616071936613{background-image: url(http:\/\/redlinecompanyhosting.com\/deliacarrentals.es\/wp-content\/uploads\/2021\/03\/Long-term-rental-Delta-car-rentals.jpg?id=1634) !important;}\u00bb][\/vc_column][vc_column width=\u00bb1\/2&#8243; el_class=\u00bbpadding-left-right-100 padding-bottom-66&#8243;]<h2 class=\" box-header page-margin-top-section\">ALQUILER DE COCHES A LARGO PLAZO<\/h2>[vc_column_text el_class=\u00bbdescription align-center\u00bb]Si est\u00e1s buscando un servicio de alquiler de autom\u00f3viles asequible a largo plazo, Delia tiene una flota completa de autom\u00f3viles de alquiler a largo plazo, peque\u00f1os, medianos y grandes, para satisfacer todo tipo requisitos y presupuestos. Todos cuentan con cobertura de seguro a todo riesgo.[\/vc_column_text][vc_row_inner css=\u00bb.vc_custom_1439977887316{margin-top: 30px !important;}\u00bb][vc_column_inner width=\u00bb1\/3&#8243;]<ul class=\"list\"><li class=\"template-bullet \"><span>Servicio de reserva online, r\u00e1pido y sencillo<\/span><\/li><li class=\"template-bullet \"><span>Tranquilidad, todos los veh\u00edculos inspeccionados peri\u00f3dicamente<\/span><\/li><li class=\"template-bullet \"><span>Flexibilidad, para cambiar la reserva o el coche<\/span><\/li><\/ul>[\/vc_column_inner][vc_column_inner width=\u00bb1\/3&#8243;]<ul class=\"list\"><li class=\"template-bullet \"><span>Sin restricciones de edad<\/span><\/li><li class=\"template-bullet \"><span>Asistencia por aver\u00eda las 24 horas<\/span><\/li><li class=\"template-bullet \"><span>Seguro a todo riesgo incluido <\/span><\/li><li class=\"template-bullet \"><span>Servicio al cliente eficiente y amigable<\/span><\/li><\/ul>[\/vc_column_inner][\/vc_row_inner][vc_row_inner el_class=\u00bbalign-center margin-top-67 padding-bottom-20&#8243;][vc_column_inner]<a class=\"more simple\" href=\"\/es\/servicios\/alquiler-de-coches-a-largo-plazo\/\" title=\"MAS INFORMACI\u00d3N\"><span>MAS INFORMACI\u00d3N<\/span><\/a>[\/vc_column_inner][\/vc_row_inner][\/vc_column][\/vc_row][vc_row top_margin=\u00bbpage-margin-top-section\u00bb][vc_column]<h2 class=\" box-header\">ACERCA DE DELIA CAR RENTALS<\/h2>[vc_column_text el_class=\u00bbdescription align-center\u00bb]Ofrecemos una gama completa de servicios de garaje a los propietarios de veh\u00edculos ubicados en el \u00e1rea de Costa del Sol.[\/vc_column_text]<ul class=\"services-list clearfix page-margin-top\"><li class=\"vc_row wpb_row vc_row-fluid\"><ul><li><a href=\"https:\/\/deliacarrentals.es\/es\/servicios\/alquiler-de-coches-a-largo-plazo\/\" title=\"ALQUILER DE COCHES A LARGO PLAZO\"><img loading=\"lazy\" decoding=\"async\" width=\"390\" height=\"260\" src=\"https:\/\/deliacarrentals.es\/wp-content\/uploads\/2015\/05\/Long-term-car-rentals-about-Delta-car-Rentals-390x260.jpg\" class=\"attachment-medium-thumb size-medium-thumb wp-post-image\" alt=\"ALQUILER DE COCHES A LARGO PLAZO\" title=\"\" srcset=\"https:\/\/deliacarrentals.es\/wp-content\/uploads\/2015\/05\/Long-term-car-rentals-about-Delta-car-Rentals-390x260.jpg 390w, https:\/\/deliacarrentals.es\/wp-content\/uploads\/2015\/05\/Long-term-car-rentals-about-Delta-car-Rentals-870x580.jpg 870w, https:\/\/deliacarrentals.es\/wp-content\/uploads\/2015\/05\/Long-term-car-rentals-about-Delta-car-Rentals-570x380.jpg 570w, https:\/\/deliacarrentals.es\/wp-content\/uploads\/2015\/05\/Long-term-car-rentals-about-Delta-car-Rentals-480x320.jpg 480w, https:\/\/deliacarrentals.es\/wp-content\/uploads\/2015\/05\/Long-term-car-rentals-about-Delta-car-Rentals-270x180.jpg 270w\" sizes=\"auto, (max-width: 390px) 100vw, 390px\" \/><\/a><h4 class=\"box-header\"><a href=\"https:\/\/deliacarrentals.es\/es\/servicios\/alquiler-de-coches-a-largo-plazo\/\" title=\"ALQUILER DE COCHES A LARGO PLAZO\">ALQUILER DE COCHES A LARGO PLAZO<\/a><\/h4><\/li><li><a href=\"https:\/\/deliacarrentals.es\/es\/servicios\/alquiler-de-coches-a-corto-plazo\/\" title=\"ALQUILER DE COCHES A CORTO PLAZO\"><img loading=\"lazy\" decoding=\"async\" width=\"390\" height=\"260\" src=\"https:\/\/deliacarrentals.es\/wp-content\/uploads\/2015\/05\/Short-term-car-rentals-about-Delta-car-Rentals-1-390x260.jpg\" class=\"attachment-medium-thumb size-medium-thumb wp-post-image\" alt=\"ALQUILER DE COCHES A CORTO PLAZO\" title=\"\" srcset=\"https:\/\/deliacarrentals.es\/wp-content\/uploads\/2015\/05\/Short-term-car-rentals-about-Delta-car-Rentals-1-390x260.jpg 390w, https:\/\/deliacarrentals.es\/wp-content\/uploads\/2015\/05\/Short-term-car-rentals-about-Delta-car-Rentals-1-300x200.jpg 300w, https:\/\/deliacarrentals.es\/wp-content\/uploads\/2015\/05\/Short-term-car-rentals-about-Delta-car-Rentals-1-768x512.jpg 768w, https:\/\/deliacarrentals.es\/wp-content\/uploads\/2015\/05\/Short-term-car-rentals-about-Delta-car-Rentals-1.jpg 870w, https:\/\/deliacarrentals.es\/wp-content\/uploads\/2015\/05\/Short-term-car-rentals-about-Delta-car-Rentals-1-570x380.jpg 570w, https:\/\/deliacarrentals.es\/wp-content\/uploads\/2015\/05\/Short-term-car-rentals-about-Delta-car-Rentals-1-480x320.jpg 480w, https:\/\/deliacarrentals.es\/wp-content\/uploads\/2015\/05\/Short-term-car-rentals-about-Delta-car-Rentals-1-270x180.jpg 270w\" sizes=\"auto, (max-width: 390px) 100vw, 390px\" \/><\/a><h4 class=\"box-header\"><a href=\"https:\/\/deliacarrentals.es\/es\/servicios\/alquiler-de-coches-a-corto-plazo\/\" title=\"ALQUILER DE COCHES A CORTO PLAZO\">ALQUILER DE COCHES A CORTO PLAZO<\/a><\/h4><\/li><li><a href=\"https:\/\/deliacarrentals.es\/es\/servicios\/alquilar-y-comprar\/\" title=\"ALQUILAR Y COMPRAR\"><img loading=\"lazy\" decoding=\"async\" width=\"390\" height=\"260\" src=\"https:\/\/deliacarrentals.es\/wp-content\/uploads\/2015\/05\/Short-term-car-rentals-about-Delta-car-Rentals-1-390x260.jpg\" class=\"attachment-medium-thumb size-medium-thumb wp-post-image\" alt=\"ALQUILAR Y COMPRAR\" title=\"\" srcset=\"https:\/\/deliacarrentals.es\/wp-content\/uploads\/2015\/05\/Short-term-car-rentals-about-Delta-car-Rentals-1-390x260.jpg 390w, https:\/\/deliacarrentals.es\/wp-content\/uploads\/2015\/05\/Short-term-car-rentals-about-Delta-car-Rentals-1-300x200.jpg 300w, https:\/\/deliacarrentals.es\/wp-content\/uploads\/2015\/05\/Short-term-car-rentals-about-Delta-car-Rentals-1-768x512.jpg 768w, https:\/\/deliacarrentals.es\/wp-content\/uploads\/2015\/05\/Short-term-car-rentals-about-Delta-car-Rentals-1.jpg 870w, https:\/\/deliacarrentals.es\/wp-content\/uploads\/2015\/05\/Short-term-car-rentals-about-Delta-car-Rentals-1-570x380.jpg 570w, https:\/\/deliacarrentals.es\/wp-content\/uploads\/2015\/05\/Short-term-car-rentals-about-Delta-car-Rentals-1-480x320.jpg 480w, https:\/\/deliacarrentals.es\/wp-content\/uploads\/2015\/05\/Short-term-car-rentals-about-Delta-car-Rentals-1-270x180.jpg 270w\" sizes=\"auto, (max-width: 390px) 100vw, 390px\" \/><\/a><h4 class=\"box-header\"><a href=\"https:\/\/deliacarrentals.es\/es\/servicios\/alquilar-y-comprar\/\" title=\"ALQUILAR Y COMPRAR\">ALQUILAR Y COMPRAR<\/a><\/h4><\/li><\/ul><\/li><\/ul>[\/vc_column][\/vc_row][vc_row type=\u00bbfull-width\u00bb el_class=\u00bbalign-center margin-top-40 padding-bottom-87&#8243;][vc_column]<a class=\"more\" href=\"\/es\/contacto\/\" title=\"LISTO PARA CONDUCIR\"><span>LISTO PARA CONDUCIR<\/span><\/a>[\/vc_column][\/vc_row][vc_row type=\u00bbfull-width cs-parallax\u00bb css=\u00bb.vc_custom_1441108258312{background-image: url(http:\/\/quanticalabs.com\/wptest\/carservice\/files\/2015\/05\/image_012.jpg?id=928) !important;}\u00bb el_class=\u00bbpadding-top-70 padding-bottom-66&#8243;][vc_column][vc_row_inner][vc_column_inner]<div class=\"testimonials-container type-big\"><a href=\"#\" class=\"slider-control left template-arrow-left-1\"><\/a><ul class=\"testimonials-list autoplay-0 pause_on_hover-1 scroll-1 effect-scroll easing-easeInOutQuint duration-500\"><li>\r\n\t\t\t\t\t<div class=\"hexagon small\"><div class=\"sl-small-pen\"><\/div><\/div>\r\n\t\t\t\t\t<p>\"I have taken several of the family cars here for the past several years and without exception the experiences have been outstanding. I would highly recommend this place to any one who wants great service, honest value, and really great people.\"<\/p>\r\n\t\t\t\t\t\r\n\t\t\t\t\t<div class=\"author-details-box\">\r\n\t\t\t\t\t<h6>ROBERT SMITH<\/h6>\r\n\t\t\t\t\t\r\n\t\t\t\t\t<\/div>\r\n\t\t\t\t<\/li><li>\r\n\t\t\t\t\t<div class=\"hexagon small\"><div class=\"sl-small-pen\"><\/div><\/div>\r\n\t\t\t\t\t<p>\"I have taken several of the family cars here for the past several years and without exception the experiences have been outstanding. I would highly recommend this place to any one who wants great service, honest value, and really great people.\"<\/p>\r\n\t\t\t\t\t\r\n\t\t\t\t\t<div class=\"author-details-box\">\r\n\t\t\t\t\t<h6>ROBERT SMITH<\/h6>\r\n\t\t\t\t\t\r\n\t\t\t\t\t<\/div>\r\n\t\t\t\t<\/li><li>\r\n\t\t\t\t\t<div class=\"hexagon small\"><div class=\"sl-small-pen\"><\/div><\/div>\r\n\t\t\t\t\t<p>\"I have taken several of the family cars here for the past several years and without exception the experiences have been outstanding. I would highly recommend this place to any one who wants great service, honest value, and really great people.\"<\/p>\r\n\t\t\t\t\t\r\n\t\t\t\t\t<div class=\"author-details-box\">\r\n\t\t\t\t\t<h6>ROBERT SMITH<\/h6>\r\n\t\t\t\t\t\r\n\t\t\t\t\t<\/div>\r\n\t\t\t\t<\/li><\/ul><a href=\"#\" class=\"slider-control right template-arrow-left-1\"><\/a><\/div>[\/vc_column_inner][\/vc_row_inner][\/vc_column][\/vc_row]<\/p>\n","protected":false},"excerpt":{"rendered":"<p>[vc_row type=\u00bbfull-width\u00bb][vc_column][rev_slider_vc alias=\u00bbslider-1-1&#8243;][\/vc_column][\/vc_row][vc_row type=\u00bbfull-width\u00bb css=\u00bb.vc_custom_1439892689981{background-color: #f5f5f5 !important;}\u00bb][vc_column][\/vc_column][\/vc_row][vc_row top_margin=\u00bbpage-margin-top-section\u00bb][vc_column][vc_column_text el_class=\u00bbdescription align-center\u00bb] No importa si quieres hacer un viaje, necesitas de ir a un punto a otro o necesitas neumaticos inteligentes para irte de vacaciones. La flota actualizada de Delia tiene el veh\u00edculo perfecto para ti ya que se adapta a tus necesidades &#8230; \u00a1y est\u00e1 disponible<\/p>\n","protected":false},"author":1,"featured_media":0,"parent":0,"menu_order":0,"comment_status":"open","ping_status":"open","template":"template-default-without-breadcrumbs.php","meta":{"footnotes":""},"class_list":["post-1771","page","type-page","status-publish","hentry"],"_links":{"self":[{"href":"https:\/\/deliacarrentals.es\/es\/wp-json\/wp\/v2\/pages\/1771","targetHints":{"allow":["GET"]}}],"collection":[{"href":"https:\/\/deliacarrentals.es\/es\/wp-json\/wp\/v2\/pages"}],"about":[{"href":"https:\/\/deliacarrentals.es\/es\/wp-json\/wp\/v2\/types\/page"}],"author":[{"embeddable":true,"href":"https:\/\/deliacarrentals.es\/es\/wp-json\/wp\/v2\/users\/1"}],"replies":[{"embeddable":true,"href":"https:\/\/deliacarrentals.es\/es\/wp-json\/wp\/v2\/comments?post=1771"}],"version-history":[{"count":18,"href":"https:\/\/deliacarrentals.es\/es\/wp-json\/wp\/v2\/pages\/1771\/revisions"}],"predecessor-version":[{"id":3210,"href":"https:\/\/deliacarrentals.es\/es\/wp-json\/wp\/v2\/pages\/1771\/revisions\/3210"}],"wp:attachment":[{"href":"https:\/\/deliacarrentals.es\/es\/wp-json\/wp\/v2\/media?parent=1771"}],"curies":[{"name":"wp","href":"https:\/\/api.w.org\/{rel}","templated":true}]}}